{"id":1744,"date":"2026-04-10T07:53:34","date_gmt":"2026-04-10T05:53:34","guid":{"rendered":"https:\/\/www.mosdorfer.com\/usa\/"},"modified":"2026-04-28T14:54:10","modified_gmt":"2026-04-28T12:54:10","slug":"usa","status":"publish","type":"page","link":"https:\/\/www.mosdorfer.com\/en\/usa\/","title":{"rendered":"USA"},"content":{"rendered":"\n\n<div  class=\"trnc-solutions-hero full base-grid mb-12 lg:mb-24\">\n        <h1 class=\"title-line mt-8\">Mosdorfer coming soon <br \/>\r\nto the Southeast US!<\/h1>\n<\/div>\n\n\n<p>As one of the global leaders in fittings, damping systems and complete string systems for high\u2011voltage overhead transmission lines, Mosdorfer is expanding in the United States. Stay tuned as we take our next major step.<\/p>\n\n\n\n<figure class=\"wp-block-image size-large\"><img decoding=\"async\" src=\"https:\/\/www.mosdorfer.com\/wp-content\/uploads\/sites\/7\/2026\/04\/USA-Standort_Landkarte_130426_n-1024x557.png\" alt=\"\" class=\"wp-image-1853\"\/><\/figure>\n\n\n\n<h2 class=\"wp-block-heading\">A new site in the United States<\/h2>\n\n\n\n<p>Mosdorfer, headquartered in Weiz, Austria, looks back on an impressive company history dating back to 1712 and 76 years of experience in the overhead transmission line business. Today, Mosdorfer is among the world\u2019s leading suppliers of transmission line fittings, damping systems and complete strings for reliable power transmission.<\/p>\n\n\n\n<p><\/p>\n\n\n\n<h4 class=\"wp-block-heading\">Operating in the U.S. for decades<\/h4>\n\n\n\n<p>Mosdorfer has been active in the U.S. market for decades, supporting utilities, transmission network operators and EPC partners with high\u2011performing solutions engineered for long\u2011term reliability.<\/p>\n\n\n\n<p><\/p>\n\n\n\n<h2 class=\"wp-block-heading\">A strong commitment to the U.S. Market<\/h2>\n\n\n\n<p>The United States is one of the most dynamic and fast-growing markets for overhead transmission and energy infrastructure. By establishing a new Mosdorfer manufacturing site in the Carolinas, we are making a clear commitment to the growth potential we see in the U.S. market.<\/p>\n\n\n\n<p><strong>For our customers this means:<\/strong><\/p>\n\n\n\n<ul class=\"wp-block-list\">\n<li>Greater Flexibility<\/li>\n\n\n\n<li>Shorter delivery and response times<\/li>\n\n\n\n<li>Local engineering and service support<\/li>\n\n\n\n<li>Manufacturing in the U.S., built to world-leading quality standards<\/li>\n\n\n\n<li>High-performance string fittings and conductor accessories for the reliable grid expansion<\/li>\n<\/ul>\n\n\n\n<figure class=\"wp-block-image aligncenter size-full\"><img decoding=\"async\" src=\"https:\/\/www.mosdorfer.com\/wp-content\/uploads\/sites\/7\/2026\/04\/LG-2026-02-03-ENSCAPE-OFFICE-VIEW.png\" alt=\"Visualisierung eines modernen Industrie\u2011 und B\u00fcrogeb\u00e4udes mit Parkplatzanlage. Das Geb\u00e4ude tr\u00e4gt das Logo \u201eMosdorfer \u2013 Knill Gruppe\u201c und ist von Gr\u00fcnfl\u00e4chen umgeben. Mehrere geparkte Fahrzeuge sowie Personen im Au\u00dfenbereich sind zu sehen.\" class=\"wp-image-2592\"\/><\/figure>\n\n\n\n<div  class=\"trnc-spacer full bg-light\"\n     style=\"height: 80px;\">\n<\/div>\n\n<style>\n    @media (max-width: 768px) {\n        .trnc-spacer {\n            height: 30px !important;\n        }\n    }\n<\/style>\n\n\n\n<h2 class=\"wp-block-heading\">Join our team &#8211; we are hiring!<\/h2>\n\n\n\n<p>A new location can only succeed with excellent people. We are looking for motivated individuals who want to help shape our future in the United States.<br><\/p>\n\n\n\n<h4 class=\"wp-block-heading\"><strong>Jobs in all areas of the company:<\/strong><\/h4>\n\n\n\n<ul class=\"wp-block-list\">\n<li>Engineering<\/li>\n\n\n\n<li>Quality Management<\/li>\n\n\n\n<li>Sales<\/li>\n\n\n\n<li>Business Development<\/li>\n\n\n\n<li>Management<\/li>\n\n\n\n<li>Administration<\/li>\n\n\n\n<li>Production and manufacturing<\/li>\n<\/ul>\n\n\n\n<h4 class=\"wp-block-heading\"><strong>We offer:<\/strong><\/h4>\n\n\n\n<ul class=\"wp-block-list\">\n<li>Fair and competitive benefit packages<\/li>\n\n\n\n<li>A long-term perspective in a family-owned, globally active corporate group <a href=\"http:\/\/www.knillgruppe.com\/en\">(knillgruppe.com)<\/a><\/li>\n\n\n\n<li>Opportunities to grow, develop and make real impact<\/li>\n<\/ul>\n\n\n\n<h2 class=\"wp-block-heading\">Apply now<\/h2>\n\n\n\n<p>Send us your curriculum vitae and a cover letter to:<br><\/p>\n\n\n\n<div class=\"wp-block-buttons is-layout-flex wp-block-buttons-is-layout-flex\">\n<div class=\"wp-block-button\"><a class=\"wp-block-button__link has-white-color has-primary-background-color has-text-color has-background has-link-color wp-element-button\" href=\"mailto:job-usa@mosdorfer.com\">job-usa@mosdorfer.com<\/a><\/div>\n<\/div>\n\n\n\n<div  class=\"trnc-spacer full bg-light\"\n     style=\"height: 80px;\">\n<\/div>\n\n<style>\n    @media (max-width: 768px) {\n        .trnc-spacer {\n            height: 30px !important;\n        }\n    }\n<\/style>\n\n\n\n<div class=\"wp-block-columns is-layout-flex wp-container-core-columns-is-layout-9d6595d7 wp-block-columns-is-layout-flex\">\n<div class=\"wp-block-column is-layout-flow wp-block-column-is-layout-flow\">\n<figure class=\"wp-block-image size-large\"><img decoding=\"async\" src=\"https:\/\/www.mosdorfer.com\/wp-content\/uploads\/sites\/7\/2026\/04\/Testing-2-1024x1024.jpg\" alt=\"Person arbeitet in einer Produktionshalle an einer Mess- oder Pr\u00fcfvorrichtung auf einem Maschinentisch.\" class=\"wp-image-1873\" style=\"aspect-ratio:1;object-fit:cover\"\/><\/figure>\n<\/div>\n\n\n\n<div class=\"wp-block-column is-layout-flow wp-block-column-is-layout-flow\">\n<figure class=\"wp-block-image size-large\"><img decoding=\"async\" src=\"https:\/\/www.mosdorfer.com\/wp-content\/uploads\/sites\/7\/2026\/04\/Schmiede-12-1024x1024.jpg\" alt=\"\" class=\"wp-image-1871\"\/><\/figure>\n<\/div>\n\n\n\n<div class=\"wp-block-column is-layout-flow wp-block-column-is-layout-flow\">\n<figure class=\"wp-block-image size-large\"><img decoding=\"async\" src=\"https:\/\/www.mosdorfer.com\/wp-content\/uploads\/sites\/7\/2026\/04\/Buero_Techn.Zeichner-1024x1024.jpg\" alt=\"\" class=\"wp-image-1868\" style=\"aspect-ratio:1;object-fit:cover\"\/><\/figure>\n<\/div>\n<\/div>\n\n\n\n<p><\/p>\n","protected":false},"excerpt":{"rendered":"<p>As one of the global leaders in fittings, damping systems and complete string systems for high\u2011voltage overhead transmission lines, Mosdorfer is expanding in the United States. Stay tuned as we take our next major step. A new site in the United States Mosdorfer, headquartered in Weiz, Austria, looks back on an impressive company history dating [&hellip;]<\/p>\n","protected":false},"author":1,"featured_media":0,"parent":0,"menu_order":0,"comment_status":"closed","ping_status":"closed","template":"","meta":{"_acf_changed":false,"footnotes":""},"class_list":["post-1744","page","type-page","status-publish","hentry"],"acf":[],"yoast_head":"<!-- This site is optimized with the Yoast SEO plugin v25.9 - https:\/\/yoast.com\/wordpress\/plugins\/seo\/ -->\n<title>USA - Mosdorfer<\/title>\n<meta name=\"description\" content=\"Mosdorfer expands to the US: new location in the Southeast, local manufacturing, technical competency and new jobs in energy transmission.\" \/>\n<meta name=\"robots\" content=\"index, follow, max-snippet:-1, max-image-preview:large, max-video-preview:-1\" \/>\n<link rel=\"canonical\" href=\"https:\/\/www.mosdorfer.com\/usa\/\" \/>\n<meta property=\"og:locale\" content=\"en_US\" \/>\n<meta property=\"og:type\" content=\"article\" \/>\n<meta property=\"og:title\" content=\"USA - Mosdorfer\" \/>\n<meta property=\"og:description\" content=\"Mosdorfer expands to the US: new location in the Southeast, local manufacturing, technical competency and new jobs in energy transmission.\" \/>\n<meta property=\"og:url\" content=\"https:\/\/www.mosdorfer.com\/usa\/\" \/>\n<meta property=\"og:site_name\" content=\"Mosdorfer\" \/>\n<meta property=\"article:modified_time\" content=\"2026-04-28T12:54:10+00:00\" \/>\n<meta property=\"og:image\" content=\"https:\/\/www.mosdorfer.com\/wp-content\/uploads\/sites\/7\/2026\/04\/USA-Standort_Landkarte_130426_n-1024x557.png\" \/>\n<meta name=\"twitter:card\" content=\"summary_large_image\" \/>\n<meta name=\"twitter:label1\" content=\"Est. reading time\" \/>\n\t<meta name=\"twitter:data1\" content=\"3 minutes\" \/>\n<script type=\"application\/ld+json\" class=\"yoast-schema-graph\">{\"@context\":\"https:\/\/schema.org\",\"@graph\":[{\"@type\":\"WebPage\",\"@id\":\"https:\/\/www.mosdorfer.com\/usa\/\",\"url\":\"https:\/\/www.mosdorfer.com\/usa\/\",\"name\":\"USA - Mosdorfer\",\"isPartOf\":{\"@id\":\"https:\/\/www.mosdorfer.com\/#website\"},\"primaryImageOfPage\":{\"@id\":\"https:\/\/www.mosdorfer.com\/usa\/#primaryimage\"},\"image\":{\"@id\":\"https:\/\/www.mosdorfer.com\/usa\/#primaryimage\"},\"thumbnailUrl\":\"https:\/\/www.mosdorfer.com\/wp-content\/uploads\/sites\/7\/2026\/04\/USA-Standort_Landkarte_130426_n-1024x557.png\",\"datePublished\":\"2026-04-10T05:53:34+00:00\",\"dateModified\":\"2026-04-28T12:54:10+00:00\",\"description\":\"Mosdorfer expands to the US: new location in the Southeast, local manufacturing, technical competency and new jobs in energy transmission.\",\"breadcrumb\":{\"@id\":\"https:\/\/www.mosdorfer.com\/usa\/#breadcrumb\"},\"inLanguage\":\"en-US\",\"potentialAction\":[{\"@type\":\"ReadAction\",\"target\":[\"https:\/\/www.mosdorfer.com\/usa\/\"]}]},{\"@type\":\"ImageObject\",\"inLanguage\":\"en-US\",\"@id\":\"https:\/\/www.mosdorfer.com\/usa\/#primaryimage\",\"url\":\"https:\/\/www.mosdorfer.com\/wp-content\/uploads\/sites\/7\/2026\/04\/USA-Standort_Landkarte_130426_n-1024x557.png\",\"contentUrl\":\"https:\/\/www.mosdorfer.com\/wp-content\/uploads\/sites\/7\/2026\/04\/USA-Standort_Landkarte_130426_n-1024x557.png\"},{\"@type\":\"BreadcrumbList\",\"@id\":\"https:\/\/www.mosdorfer.com\/usa\/#breadcrumb\",\"itemListElement\":[{\"@type\":\"ListItem\",\"position\":1,\"name\":\"Startseite\",\"item\":\"https:\/\/www.mosdorfer.com\/en\/\"},{\"@type\":\"ListItem\",\"position\":2,\"name\":\"USA\"}]},{\"@type\":\"WebSite\",\"@id\":\"https:\/\/www.mosdorfer.com\/#website\",\"url\":\"https:\/\/www.mosdorfer.com\/\",\"name\":\"Mosdorfer\",\"description\":\"\",\"potentialAction\":[{\"@type\":\"SearchAction\",\"target\":{\"@type\":\"EntryPoint\",\"urlTemplate\":\"https:\/\/www.mosdorfer.com\/?s={search_term_string}\"},\"query-input\":{\"@type\":\"PropertyValueSpecification\",\"valueRequired\":true,\"valueName\":\"search_term_string\"}}],\"inLanguage\":\"en-US\"}]}<\/script>\n<!-- \/ Yoast SEO plugin. -->","yoast_head_json":{"title":"USA - Mosdorfer","description":"Mosdorfer expands to the US: new location in the Southeast, local manufacturing, technical competency and new jobs in energy transmission.","robots":{"index":"index","follow":"follow","max-snippet":"max-snippet:-1","max-image-preview":"max-image-preview:large","max-video-preview":"max-video-preview:-1"},"canonical":"https:\/\/www.mosdorfer.com\/usa\/","og_locale":"en_US","og_type":"article","og_title":"USA - Mosdorfer","og_description":"Mosdorfer expands to the US: new location in the Southeast, local manufacturing, technical competency and new jobs in energy transmission.","og_url":"https:\/\/www.mosdorfer.com\/usa\/","og_site_name":"Mosdorfer","article_modified_time":"2026-04-28T12:54:10+00:00","og_image":[{"url":"https:\/\/www.mosdorfer.com\/wp-content\/uploads\/sites\/7\/2026\/04\/USA-Standort_Landkarte_130426_n-1024x557.png","type":"","width":"","height":""}],"twitter_card":"summary_large_image","twitter_misc":{"Est. reading time":"3 minutes"},"schema":{"@context":"https:\/\/schema.org","@graph":[{"@type":"WebPage","@id":"https:\/\/www.mosdorfer.com\/usa\/","url":"https:\/\/www.mosdorfer.com\/usa\/","name":"USA - Mosdorfer","isPartOf":{"@id":"https:\/\/www.mosdorfer.com\/#website"},"primaryImageOfPage":{"@id":"https:\/\/www.mosdorfer.com\/usa\/#primaryimage"},"image":{"@id":"https:\/\/www.mosdorfer.com\/usa\/#primaryimage"},"thumbnailUrl":"https:\/\/www.mosdorfer.com\/wp-content\/uploads\/sites\/7\/2026\/04\/USA-Standort_Landkarte_130426_n-1024x557.png","datePublished":"2026-04-10T05:53:34+00:00","dateModified":"2026-04-28T12:54:10+00:00","description":"Mosdorfer expands to the US: new location in the Southeast, local manufacturing, technical competency and new jobs in energy transmission.","breadcrumb":{"@id":"https:\/\/www.mosdorfer.com\/usa\/#breadcrumb"},"inLanguage":"en-US","potentialAction":[{"@type":"ReadAction","target":["https:\/\/www.mosdorfer.com\/usa\/"]}]},{"@type":"ImageObject","inLanguage":"en-US","@id":"https:\/\/www.mosdorfer.com\/usa\/#primaryimage","url":"https:\/\/www.mosdorfer.com\/wp-content\/uploads\/sites\/7\/2026\/04\/USA-Standort_Landkarte_130426_n-1024x557.png","contentUrl":"https:\/\/www.mosdorfer.com\/wp-content\/uploads\/sites\/7\/2026\/04\/USA-Standort_Landkarte_130426_n-1024x557.png"},{"@type":"BreadcrumbList","@id":"https:\/\/www.mosdorfer.com\/usa\/#breadcrumb","itemListElement":[{"@type":"ListItem","position":1,"name":"Startseite","item":"https:\/\/www.mosdorfer.com\/en\/"},{"@type":"ListItem","position":2,"name":"USA"}]},{"@type":"WebSite","@id":"https:\/\/www.mosdorfer.com\/#website","url":"https:\/\/www.mosdorfer.com\/","name":"Mosdorfer","description":"","potentialAction":[{"@type":"SearchAction","target":{"@type":"EntryPoint","urlTemplate":"https:\/\/www.mosdorfer.com\/?s={search_term_string}"},"query-input":{"@type":"PropertyValueSpecification","valueRequired":true,"valueName":"search_term_string"}}],"inLanguage":"en-US"}]}},"_links":{"self":[{"href":"https:\/\/www.mosdorfer.com\/en\/wp-json\/wp\/v2\/pages\/1744","targetHints":{"allow":["GET"]}}],"collection":[{"href":"https:\/\/www.mosdorfer.com\/en\/wp-json\/wp\/v2\/pages"}],"about":[{"href":"https:\/\/www.mosdorfer.com\/en\/wp-json\/wp\/v2\/types\/page"}],"author":[{"embeddable":true,"href":"https:\/\/www.mosdorfer.com\/en\/wp-json\/wp\/v2\/users\/1"}],"replies":[{"embeddable":true,"href":"https:\/\/www.mosdorfer.com\/en\/wp-json\/wp\/v2\/comments?post=1744"}],"version-history":[{"count":41,"href":"https:\/\/www.mosdorfer.com\/en\/wp-json\/wp\/v2\/pages\/1744\/revisions"}],"predecessor-version":[{"id":2658,"href":"https:\/\/www.mosdorfer.com\/en\/wp-json\/wp\/v2\/pages\/1744\/revisions\/2658"}],"wp:attachment":[{"href":"https:\/\/www.mosdorfer.com\/en\/wp-json\/wp\/v2\/media?parent=1744"}],"curies":[{"name":"wp","href":"https:\/\/api.w.org\/{rel}","templated":true}]}}