{"id":2469,"date":"2026-03-31T14:40:48","date_gmt":"2026-03-31T12:40:48","guid":{"rendered":"https:\/\/www.mosdorfer.com\/?page_id=2469"},"modified":"2026-04-27T13:27:34","modified_gmt":"2026-04-27T11:27:34","slug":"career-story-manuel-schoenauer","status":"publish","type":"page","link":"https:\/\/www.mosdorfer.com\/en\/career-story-manuel-schoenauer\/","title":{"rendered":"Career story Manuel Sch\u00f6nauer"},"content":{"rendered":"\n<div style=\"height:74px\" aria-hidden=\"true\" class=\"wp-block-spacer\"><\/div>\n\n\n\n<h2 class=\"wp-block-heading\">Career story of Manuel Sch\u00f6nauer<\/h2>\n\n\n\n<h3 class=\"wp-block-heading has-black-color has-text-color has-link-color wp-elements-f0f6264ddffdefe2503b2b98165d44b5\">Forging Technician<\/h3>\n\n\n\n<p><\/p>\n\n\n\n<h4 class=\"wp-block-heading\">The fascination of red-hot steel \u2013 the path to Mosdorfer<\/h4>\n\n\n\n<p>Manuel came to Mosdorfer through a colleague. He has always been fascinated by working with red-hot steel \u2013 and his desire for a varied career was clear from an early age.<\/p>\n\n\n\n<p><strong>\u201eI wanted a job where I\u2019d never get bored\u201c<\/strong><\/p>\n\n\n\n<p>The fact that the company is also very close to where he lives made the decision easy: Mosdorfer was the right choice for him.<\/p>\n\n\n\n<figure class=\"wp-block-image aligncenter size-large is-resized\"><img decoding=\"async\" src=\"https:\/\/www.mosdorfer.com\/wp-content\/uploads\/sites\/7\/2026\/04\/Lehrlinge_Schmieden-1-952x1024.jpg\" alt=\"Nahaufnahme eines Schmiedeprozesses: Eine gesch\u00fctzte Arbeitskraft h\u00e4lt gl\u00fchendes Werkst\u00fcck vor einer industriellen Presse in einer Produktionshalle.\" class=\"wp-image-2518\" style=\"width:600px\"\/><\/figure>\n\n\n\n<p><\/p>\n\n\n\n<h4 class=\"wp-block-heading\">Progression from apprentice to versatile production technician<\/h4>\n\n\n\n<p>Manuel started as an apprentice and initially helped out in all areas. Step by step, he took on more responsibility and continued to develop.<\/p>\n\n\n\n<p>Today, he works in many production areas, including:<\/p>\n\n\n\n<ul class=\"wp-block-list\">\n<li>the hardening area<\/li>\n\n\n\n<li>the cutting<\/li>\n\n\n\n<li>at the forging lines<\/li>\n<\/ul>\n\n\n\n<p>Very often Manuel works at the main forging lines and at the 400-tons forging press. <\/p>\n\n\n\n<h4 class=\"wp-block-heading\">What drives me in my job?<\/h4>\n\n\n\n<p>Manuel appreciates the visible results of his work, particularly after completing major orders. &#8216;Working with red-hot steel is still something special for me,&#8217; he says.. <strong>\u201eWorking with red-hot steel is still something special for me&#8221;, he says.<\/strong><\/p>\n\n\n\n<p>In addition he is very proud of finishing complex tasks, <strong>\u201e\u2026which cannot be completed by everybody, but which I carry out successfully.\u201c<\/strong><\/p>\n\n\n\n<h4 class=\"wp-block-heading\">My working day<\/h4>\n\n\n\n<p>Today Manuel works independently at a variety of orders. His tasks include:<\/p>\n\n\n\n<ul class=\"wp-block-list\">\n<li>carrying out production orders independently<\/li>\n\n\n\n<li>providing support on the main forging lines<\/li>\n\n\n\n<li>assisting with the<strong> conversion of machinery<\/strong><\/li>\n\n\n\n<li>cooperation with experienced colleagues<\/li>\n<\/ul>\n\n\n\n<p>His day-to-day work is characterised by responsibility and technical precision.<\/p>\n\n\n\n<figure class=\"wp-block-image size-large is-resized\"><img decoding=\"async\" src=\"https:\/\/www.mosdorfer.com\/wp-content\/uploads\/sites\/7\/2026\/04\/Erfolgsgeschichte_Schoenauer-1024x683.jpg\" alt=\"Nahaufnahme eines Produktionsprozesses: Eine gesch\u00fctzte Hand positioniert gl\u00fchendes Stahl in einer Formpresse in einer Industriehalle.\" class=\"wp-image-2514\" style=\"width:800px\"\/><\/figure>\n\n\n\n<p><\/p>\n\n\n\n<h4 class=\"wp-block-heading\">Team spirit at Mosdorfer<\/h4>\n\n\n\n<p>The working atmosphere within the team is particularly important to Manuel.<\/p>\n\n\n\n<p><strong>\u201eWe help and support each other \u2013 and we also have fun at work.\u201c<\/strong><\/p>\n\n\n\n<p>For him, it is the combination of team spirit, sharing experiences and a sense of humour that makes his daily work particularly rewarding.<\/p>\n\n\n\n<div  class=\"trnc-spacer full bg-light\"\n     style=\"height: 80px;\">\n<\/div>\n\n<style>\n    @media (max-width: 768px) {\n        .trnc-spacer {\n            height: 30px !important;\n        }\n    }\n<\/style>\n","protected":false},"excerpt":{"rendered":"<p>Career story of Manuel Sch\u00f6nauer Forging Technician The fascination of red-hot steel \u2013 the path to Mosdorfer Manuel came to Mosdorfer through a colleague. He has always been fascinated by working with red-hot steel \u2013 and his desire for a varied career was clear from an early age. \u201eI wanted a job where I\u2019d never [&hellip;]<\/p>\n","protected":false},"author":2,"featured_media":0,"parent":0,"menu_order":0,"comment_status":"closed","ping_status":"closed","template":"","meta":{"_acf_changed":false,"footnotes":""},"class_list":["post-2469","page","type-page","status-publish","hentry"],"acf":[],"yoast_head":"<!-- This site is optimized with the Yoast SEO plugin v25.9 - https:\/\/yoast.com\/wordpress\/plugins\/seo\/ -->\n<title>Career story Manuel Sch\u00f6nauer - Mosdorfer<\/title>\n<meta name=\"description\" content=\"Discover the career story of Manuel Sch\u00f6nauer at Mosdorfer: from apprentice to a versatile forging technician.\" \/>\n<meta name=\"robots\" content=\"index, follow, max-snippet:-1, max-image-preview:large, max-video-preview:-1\" \/>\n<link rel=\"canonical\" href=\"https:\/\/www.mosdorfer.com\/en\/career-story-manuel-schoenauer\/\" \/>\n<meta property=\"og:locale\" content=\"en_US\" \/>\n<meta property=\"og:type\" content=\"article\" \/>\n<meta property=\"og:title\" content=\"Career story Manuel Sch\u00f6nauer - Mosdorfer\" \/>\n<meta property=\"og:description\" content=\"Discover the career story of Manuel Sch\u00f6nauer at Mosdorfer: from apprentice to a versatile forging technician.\" \/>\n<meta property=\"og:url\" content=\"https:\/\/www.mosdorfer.com\/en\/career-story-manuel-schoenauer\/\" \/>\n<meta property=\"og:site_name\" content=\"Mosdorfer\" \/>\n<meta property=\"article:modified_time\" content=\"2026-04-27T11:27:34+00:00\" \/>\n<meta property=\"og:image\" content=\"https:\/\/www.mosdorfer.com\/wp-content\/uploads\/sites\/7\/2026\/04\/Lehrlinge_Schmieden-1-952x1024.jpg\" \/>\n<meta name=\"twitter:card\" content=\"summary_large_image\" \/>\n<meta name=\"twitter:label1\" content=\"Est. reading time\" \/>\n\t<meta name=\"twitter:data1\" content=\"3 minutes\" \/>\n<script type=\"application\/ld+json\" class=\"yoast-schema-graph\">{\"@context\":\"https:\/\/schema.org\",\"@graph\":[{\"@type\":\"WebPage\",\"@id\":\"https:\/\/www.mosdorfer.com\/en\/career-story-manuel-schoenauer\/\",\"url\":\"https:\/\/www.mosdorfer.com\/en\/career-story-manuel-schoenauer\/\",\"name\":\"Career story Manuel Sch\u00f6nauer - Mosdorfer\",\"isPartOf\":{\"@id\":\"https:\/\/www.mosdorfer.com\/#website\"},\"primaryImageOfPage\":{\"@id\":\"https:\/\/www.mosdorfer.com\/en\/career-story-manuel-schoenauer\/#primaryimage\"},\"image\":{\"@id\":\"https:\/\/www.mosdorfer.com\/en\/career-story-manuel-schoenauer\/#primaryimage\"},\"thumbnailUrl\":\"https:\/\/www.mosdorfer.com\/wp-content\/uploads\/sites\/7\/2026\/04\/Lehrlinge_Schmieden-1-952x1024.jpg\",\"datePublished\":\"2026-03-31T12:40:48+00:00\",\"dateModified\":\"2026-04-27T11:27:34+00:00\",\"description\":\"Discover the career story of Manuel Sch\u00f6nauer at Mosdorfer: from apprentice to a versatile forging technician.\",\"breadcrumb\":{\"@id\":\"https:\/\/www.mosdorfer.com\/en\/career-story-manuel-schoenauer\/#breadcrumb\"},\"inLanguage\":\"en-US\",\"potentialAction\":[{\"@type\":\"ReadAction\",\"target\":[\"https:\/\/www.mosdorfer.com\/en\/career-story-manuel-schoenauer\/\"]}]},{\"@type\":\"ImageObject\",\"inLanguage\":\"en-US\",\"@id\":\"https:\/\/www.mosdorfer.com\/en\/career-story-manuel-schoenauer\/#primaryimage\",\"url\":\"https:\/\/www.mosdorfer.com\/wp-content\/uploads\/sites\/7\/2026\/04\/Lehrlinge_Schmieden-1-952x1024.jpg\",\"contentUrl\":\"https:\/\/www.mosdorfer.com\/wp-content\/uploads\/sites\/7\/2026\/04\/Lehrlinge_Schmieden-1-952x1024.jpg\"},{\"@type\":\"BreadcrumbList\",\"@id\":\"https:\/\/www.mosdorfer.com\/en\/career-story-manuel-schoenauer\/#breadcrumb\",\"itemListElement\":[{\"@type\":\"ListItem\",\"position\":1,\"name\":\"Startseite\",\"item\":\"https:\/\/www.mosdorfer.com\/en\/\"},{\"@type\":\"ListItem\",\"position\":2,\"name\":\"Career story Manuel Sch\u00f6nauer\"}]},{\"@type\":\"WebSite\",\"@id\":\"https:\/\/www.mosdorfer.com\/#website\",\"url\":\"https:\/\/www.mosdorfer.com\/\",\"name\":\"Mosdorfer\",\"description\":\"\",\"potentialAction\":[{\"@type\":\"SearchAction\",\"target\":{\"@type\":\"EntryPoint\",\"urlTemplate\":\"https:\/\/www.mosdorfer.com\/?s={search_term_string}\"},\"query-input\":{\"@type\":\"PropertyValueSpecification\",\"valueRequired\":true,\"valueName\":\"search_term_string\"}}],\"inLanguage\":\"en-US\"}]}<\/script>\n<!-- \/ Yoast SEO plugin. -->","yoast_head_json":{"title":"Career story Manuel Sch\u00f6nauer - Mosdorfer","description":"Discover the career story of Manuel Sch\u00f6nauer at Mosdorfer: from apprentice to a versatile forging technician.","robots":{"index":"index","follow":"follow","max-snippet":"max-snippet:-1","max-image-preview":"max-image-preview:large","max-video-preview":"max-video-preview:-1"},"canonical":"https:\/\/www.mosdorfer.com\/en\/career-story-manuel-schoenauer\/","og_locale":"en_US","og_type":"article","og_title":"Career story Manuel Sch\u00f6nauer - Mosdorfer","og_description":"Discover the career story of Manuel Sch\u00f6nauer at Mosdorfer: from apprentice to a versatile forging technician.","og_url":"https:\/\/www.mosdorfer.com\/en\/career-story-manuel-schoenauer\/","og_site_name":"Mosdorfer","article_modified_time":"2026-04-27T11:27:34+00:00","og_image":[{"url":"https:\/\/www.mosdorfer.com\/wp-content\/uploads\/sites\/7\/2026\/04\/Lehrlinge_Schmieden-1-952x1024.jpg","type":"","width":"","height":""}],"twitter_card":"summary_large_image","twitter_misc":{"Est. reading time":"3 minutes"},"schema":{"@context":"https:\/\/schema.org","@graph":[{"@type":"WebPage","@id":"https:\/\/www.mosdorfer.com\/en\/career-story-manuel-schoenauer\/","url":"https:\/\/www.mosdorfer.com\/en\/career-story-manuel-schoenauer\/","name":"Career story Manuel Sch\u00f6nauer - Mosdorfer","isPartOf":{"@id":"https:\/\/www.mosdorfer.com\/#website"},"primaryImageOfPage":{"@id":"https:\/\/www.mosdorfer.com\/en\/career-story-manuel-schoenauer\/#primaryimage"},"image":{"@id":"https:\/\/www.mosdorfer.com\/en\/career-story-manuel-schoenauer\/#primaryimage"},"thumbnailUrl":"https:\/\/www.mosdorfer.com\/wp-content\/uploads\/sites\/7\/2026\/04\/Lehrlinge_Schmieden-1-952x1024.jpg","datePublished":"2026-03-31T12:40:48+00:00","dateModified":"2026-04-27T11:27:34+00:00","description":"Discover the career story of Manuel Sch\u00f6nauer at Mosdorfer: from apprentice to a versatile forging technician.","breadcrumb":{"@id":"https:\/\/www.mosdorfer.com\/en\/career-story-manuel-schoenauer\/#breadcrumb"},"inLanguage":"en-US","potentialAction":[{"@type":"ReadAction","target":["https:\/\/www.mosdorfer.com\/en\/career-story-manuel-schoenauer\/"]}]},{"@type":"ImageObject","inLanguage":"en-US","@id":"https:\/\/www.mosdorfer.com\/en\/career-story-manuel-schoenauer\/#primaryimage","url":"https:\/\/www.mosdorfer.com\/wp-content\/uploads\/sites\/7\/2026\/04\/Lehrlinge_Schmieden-1-952x1024.jpg","contentUrl":"https:\/\/www.mosdorfer.com\/wp-content\/uploads\/sites\/7\/2026\/04\/Lehrlinge_Schmieden-1-952x1024.jpg"},{"@type":"BreadcrumbList","@id":"https:\/\/www.mosdorfer.com\/en\/career-story-manuel-schoenauer\/#breadcrumb","itemListElement":[{"@type":"ListItem","position":1,"name":"Startseite","item":"https:\/\/www.mosdorfer.com\/en\/"},{"@type":"ListItem","position":2,"name":"Career story Manuel Sch\u00f6nauer"}]},{"@type":"WebSite","@id":"https:\/\/www.mosdorfer.com\/#website","url":"https:\/\/www.mosdorfer.com\/","name":"Mosdorfer","description":"","potentialAction":[{"@type":"SearchAction","target":{"@type":"EntryPoint","urlTemplate":"https:\/\/www.mosdorfer.com\/?s={search_term_string}"},"query-input":{"@type":"PropertyValueSpecification","valueRequired":true,"valueName":"search_term_string"}}],"inLanguage":"en-US"}]}},"_links":{"self":[{"href":"https:\/\/www.mosdorfer.com\/en\/wp-json\/wp\/v2\/pages\/2469","targetHints":{"allow":["GET"]}}],"collection":[{"href":"https:\/\/www.mosdorfer.com\/en\/wp-json\/wp\/v2\/pages"}],"about":[{"href":"https:\/\/www.mosdorfer.com\/en\/wp-json\/wp\/v2\/types\/page"}],"author":[{"embeddable":true,"href":"https:\/\/www.mosdorfer.com\/en\/wp-json\/wp\/v2\/users\/2"}],"replies":[{"embeddable":true,"href":"https:\/\/www.mosdorfer.com\/en\/wp-json\/wp\/v2\/comments?post=2469"}],"version-history":[{"count":5,"href":"https:\/\/www.mosdorfer.com\/en\/wp-json\/wp\/v2\/pages\/2469\/revisions"}],"predecessor-version":[{"id":2533,"href":"https:\/\/www.mosdorfer.com\/en\/wp-json\/wp\/v2\/pages\/2469\/revisions\/2533"}],"wp:attachment":[{"href":"https:\/\/www.mosdorfer.com\/en\/wp-json\/wp\/v2\/media?parent=2469"}],"curies":[{"name":"wp","href":"https:\/\/api.w.org\/{rel}","templated":true}]}}